{"id":64,"date":"2025-11-12T07:56:21","date_gmt":"2025-11-12T07:56:21","guid":{"rendered":"https:\/\/warszawskikramarz.pl\/?page_id=64"},"modified":"2025-12-02T19:03:56","modified_gmt":"2025-12-02T19:03:56","slug":"warszawski-kramarz","status":"publish","type":"page","link":"https:\/\/warszawskikramarz.pl\/","title":{"rendered":"S\u0142uchajcie no \u2014 wie\u015b\u0107 idzie po mie\u015bcie, \u017ce\u00a0Warszawski Kramarz\u00a0szykuje dla Was niespodziank\u0119!"},"content":{"rendered":"\n<div class=\"wp-block-columns is-layout-flex wp-container-core-columns-is-layout-9d6595d7 wp-block-columns-is-layout-flex\">\n<div class=\"wp-block-column is-layout-flow wp-block-column-is-layout-flow\">\n<p><\/p>\n\n\n\n<p>Ju\u017c mo\u017cecie przeczyta\u0107 ksi\u0105\u017ck\u0119 spod jego r\u0119ki, napisan\u0105 wsp\u00f3lnie z&nbsp;<strong>Brianem Tracy<\/strong>&nbsp;\u2014&nbsp;<em>\u201eSprzedawaj! Sekrety Najlepszych\u201d<\/em>.<\/p>\n\n\n\n<p>A tam, panie\u2026 sama prawda z \u017cycia handlarza, cwaniaka z krwi i ko\u015bci!<br>Nie \u017cadne farmazony, tylko konkret \u2014&nbsp;<strong>ze sznytem i charakterem<\/strong>,<br>jak gada\u0107, \u017ceby sprzeda\u0107,<br>jak si\u0119 nie da\u0107 zrobi\u0107 w bambuko,<br>i jak zarobi\u0107 mamon\u0119 tak, \u017ceby u\u015bmiech nie schodzi\u0142 z g\u0119by.<\/p>\n\n\n\n<p>Ta kniga&nbsp;<em>\u201eSprzedawaj! Sekrety Najlepszych\u201d<\/em>&nbsp;\u2014 to klawy pomys\u0142 dla ca\u0142ej wiary ze sprzeda\u017cy,<br>na prezent dla Twojego klejenta!<\/p>\n\n\n\n<p>Mo\u017cecie \u015bmia\u0142o przeflancowa\u0107 jego bajer\u0119 z&nbsp;<strong>Syreniego Grodu<\/strong>&nbsp;na sw\u00f3j geszeft \u2014 a plajta Wam ju nie grozi!<\/p>\n\n\n\n<p>Wi\u0119c b\u0105d\u017acie czujni, ferajno, bo jak to p\u00f3jdzie w eter, to nawet najtwardsze cwaniaki przycupn\u0105 i za\u0142o\u017c\u0105 patrza\u0142ki, \u017ceby przeczyta\u0107.<\/p>\n\n\n\n<p><strong>W\u0119dr\u00f3wki Warszawskiego Kramarza \u2014 to jest git!<\/strong><\/p>\n\n\n\n<p>A jak chcecie pozna\u0107&nbsp;<strong>cztery asy w talii Warszawskiego Kramarza<\/strong>, jak nimi wygrywa\u0142 i przegrywa\u0142 fortuny \u2014 to zapraszam ca\u0142\u0105 wiar\u0119 sprzeda\u017cy!<\/p>\n<\/div>\n\n\n\n<div class=\"wp-block-column is-layout-flow wp-block-column-is-layout-flow\">\n<figure class=\"wp-block-image size-full\"><img loading=\"lazy\" decoding=\"async\" width=\"423\" height=\"600\" src=\"http:\/\/warszawskikramarz.pl\/wp-content\/uploads\/2025\/10\/NEW_Radzynski_G._okladka_423x600jpg.jpg\" alt=\"\" class=\"wp-image-26\" srcset=\"https:\/\/warszawskikramarz.pl\/wp-content\/uploads\/2025\/10\/NEW_Radzynski_G._okladka_423x600jpg.jpg 423w, https:\/\/warszawskikramarz.pl\/wp-content\/uploads\/2025\/10\/NEW_Radzynski_G._okladka_423x600jpg-212x300.jpg 212w\" sizes=\"auto, (max-width: 423px) 100vw, 423px\" \/><\/figure>\n<\/div>\n<\/div>\n\n\n\n<div class=\"wp-block-columns is-layout-flex wp-container-core-columns-is-layout-9d6595d7 wp-block-columns-is-layout-flex\">\n<div class=\"wp-block-column is-layout-flow wp-block-column-is-layout-flow\">\n<p><\/p>\n\n\n\n<h2 class=\"wp-block-heading has-text-align-left\"><strong>W celu nabycia ksi\u0105\u017cki prosz\u0119 o kontakt bezpo\u015bredni.<\/strong><\/h2>\n\n\n\n<p class=\"has-text-align-left\">Glancujta trzewiki, szykujta kieck\u0119, zak\u0142adajta gajerek i musowo si\u0119 spiknijmy!<br><\/p>\n<\/div>\n\n\n\n<div class=\"wp-block-column is-layout-flow wp-block-column-is-layout-flow\">\n<figure class=\"wp-block-image size-full\"><img loading=\"lazy\" decoding=\"async\" width=\"423\" height=\"206\" src=\"https:\/\/warszawskikramarz.pl\/wp-content\/uploads\/2025\/12\/cena423.gif\" alt=\"\" class=\"wp-image-88\"\/><\/figure>\n<\/div>\n<\/div>\n\n\n\n<div class=\"wp-block-columns is-layout-flex wp-container-core-columns-is-layout-9d6595d7 wp-block-columns-is-layout-flex\">\n<div class=\"wp-block-column is-layout-flow wp-block-column-is-layout-flow\" style=\"flex-basis:33.33%\">\n<figure class=\"wp-block-image size-full\"><img loading=\"lazy\" decoding=\"async\" width=\"400\" height=\"400\" src=\"http:\/\/warszawskikramarz.pl\/wp-content\/uploads\/2025\/10\/Grzegorz-Radzynski_c_400x400.jpg\" alt=\"\" class=\"wp-image-28\" srcset=\"https:\/\/warszawskikramarz.pl\/wp-content\/uploads\/2025\/10\/Grzegorz-Radzynski_c_400x400.jpg 400w, https:\/\/warszawskikramarz.pl\/wp-content\/uploads\/2025\/10\/Grzegorz-Radzynski_c_400x400-300x300.jpg 300w, https:\/\/warszawskikramarz.pl\/wp-content\/uploads\/2025\/10\/Grzegorz-Radzynski_c_400x400-150x150.jpg 150w\" sizes=\"auto, (max-width: 400px) 100vw, 400px\" \/><\/figure>\n<\/div>\n\n\n\n<div class=\"wp-block-column is-layout-flow wp-block-column-is-layout-flow\" style=\"flex-basis:66.66%\">\n<p><\/p>\n\n\n\n<p><strong>Grzegorz Radzy\u0144ski \u2013 Warszawski Kramarz<\/strong><br>Od prawie \u0107wier\u0107 wieku oddycha sprzeda\u017c\u0105. Dla niego handel ma sw\u00f3j zapach \u2013 zapach nowego i nieznanego. Przez lata przeszed\u0142 wszystkie szczeble kariery \u2013 od handlowca, przez kierownika i mened\u017cera, a\u017c po dyrektora sprzeda\u017cy i marketingu. Budowa\u0142 i rozwija\u0142 skuteczne zespo\u0142y w zar\u00f3wno polskich, jak i mi\u0119dzynarodowych firmach. Zdoby\u0142 te\u017c do\u015bwiadczenie jako kupiec, buduj\u0105c jedn\u0105 z pierwszych grup zakupowych specjalizuj\u0105cych si\u0119 w bran\u017cy pokry\u0107 dachowych. Dzi\u0119ki temu potrafi patrze\u0107 na biznes z obu perspektyw: sprzedawcy i klienta.<\/p>\n<\/div>\n<\/div>\n\n\n\n<div class=\"wp-block-columns is-layout-flex wp-container-core-columns-is-layout-9d6595d7 wp-block-columns-is-layout-flex\">\n<div class=\"wp-block-column is-layout-flow wp-block-column-is-layout-flow\" style=\"flex-basis:66.66%\">\n<p><\/p>\n\n\n\n<p><strong>Zapraszam i ch\u0119tnie wys\u0142ucham, co macie mi do opowiedzenia!<\/strong><br><strong>Najlepszego!<\/strong><\/p>\n\n\n\n<p>+48 696 761 407<\/p>\n\n\n\n<p><a>grzegorz@warszawskikramarz.pl<\/a><\/p>\n<\/div>\n\n\n\n<div class=\"wp-block-column is-layout-flow wp-block-column-is-layout-flow\" style=\"flex-basis:33.33%\">\n<figure class=\"wp-block-image size-large\"><img loading=\"lazy\" decoding=\"async\" width=\"1024\" height=\"574\" src=\"http:\/\/warszawskikramarz.pl\/wp-content\/uploads\/2025\/11\/AdobeStock_1575748714-1024x574.jpeg\" alt=\"\" class=\"wp-image-50\" srcset=\"https:\/\/warszawskikramarz.pl\/wp-content\/uploads\/2025\/11\/AdobeStock_1575748714-1024x574.jpeg 1024w, https:\/\/warszawskikramarz.pl\/wp-content\/uploads\/2025\/11\/AdobeStock_1575748714-300x168.jpeg 300w, https:\/\/warszawskikramarz.pl\/wp-content\/uploads\/2025\/11\/AdobeStock_1575748714-768x430.jpeg 768w, https:\/\/warszawskikramarz.pl\/wp-content\/uploads\/2025\/11\/AdobeStock_1575748714-1536x861.jpeg 1536w, https:\/\/warszawskikramarz.pl\/wp-content\/uploads\/2025\/11\/AdobeStock_1575748714-2048x1148.jpeg 2048w\" sizes=\"auto, (max-width: 1024px) 100vw, 1024px\" \/><\/figure>\n<\/div>\n<\/div>\n\n\n\n<p><\/p>\n","protected":false},"excerpt":{"rendered":"<p>Ju\u017c mo\u017cecie przeczyta\u0107 ksi\u0105\u017ck\u0119 spod jego r\u0119ki, napisan\u0105 wsp\u00f3lnie z&nbsp;Brianem Tracy&nbsp;\u2014&nbsp;\u201eSprzedawaj! Sekrety Najlepszych\u201d. A tam, panie\u2026 sama prawda z \u017cycia handlarza, cwaniaka z krwi i ko\u015bci!Nie \u017cadne farmazony, tylko konkret \u2014&nbsp;ze sznytem i charakterem,jak gada\u0107, \u017ceby sprzeda\u0107,jak si\u0119 nie da\u0107 zrobi\u0107 w bambuko,i jak zarobi\u0107 mamon\u0119 tak, \u017ceby u\u015bmiech nie schodzi\u0142 z g\u0119by. Ta kniga&nbsp;\u201eSprzedawaj! &#8230; <a title=\"S\u0142uchajcie no \u2014 wie\u015b\u0107 idzie po mie\u015bcie, \u017ce\u00a0Warszawski Kramarz\u00a0szykuje dla Was niespodziank\u0119!\" class=\"read-more\" href=\"https:\/\/warszawskikramarz.pl\/\" aria-label=\"Read more about S\u0142uchajcie no \u2014 wie\u015b\u0107 idzie po mie\u015bcie, \u017ce\u00a0Warszawski Kramarz\u00a0szykuje dla Was niespodziank\u0119!\">Read more<\/a><\/p>\n","protected":false},"author":2,"featured_media":0,"parent":0,"menu_order":0,"comment_status":"closed","ping_status":"closed","template":"","meta":{"footnotes":""},"class_list":["post-64","page","type-page","status-publish"],"_links":{"self":[{"href":"https:\/\/warszawskikramarz.pl\/index.php\/wp-json\/wp\/v2\/pages\/64","targetHints":{"allow":["GET"]}}],"collection":[{"href":"https:\/\/warszawskikramarz.pl\/index.php\/wp-json\/wp\/v2\/pages"}],"about":[{"href":"https:\/\/warszawskikramarz.pl\/index.php\/wp-json\/wp\/v2\/types\/page"}],"author":[{"embeddable":true,"href":"https:\/\/warszawskikramarz.pl\/index.php\/wp-json\/wp\/v2\/users\/2"}],"replies":[{"embeddable":true,"href":"https:\/\/warszawskikramarz.pl\/index.php\/wp-json\/wp\/v2\/comments?post=64"}],"version-history":[{"count":7,"href":"https:\/\/warszawskikramarz.pl\/index.php\/wp-json\/wp\/v2\/pages\/64\/revisions"}],"predecessor-version":[{"id":89,"href":"https:\/\/warszawskikramarz.pl\/index.php\/wp-json\/wp\/v2\/pages\/64\/revisions\/89"}],"wp:attachment":[{"href":"https:\/\/warszawskikramarz.pl\/index.php\/wp-json\/wp\/v2\/media?parent=64"}],"curies":[{"name":"wp","href":"https:\/\/api.w.org\/{rel}","templated":true}]}}